{"id":1286,"date":"2020-02-19T10:20:55","date_gmt":"2020-02-19T13:20:55","guid":{"rendered":"https:\/\/link2.com.br\/fgfm\/?page_id=1286"},"modified":"2025-05-07T13:48:34","modified_gmt":"2025-05-07T16:48:34","slug":"1-toque-campeonato-estadual-por-equipes-liso","status":"publish","type":"page","link":"https:\/\/fgfm.com.br\/fgfm\/1-toque-campeonato-estadual-por-equipes-liso\/","title":{"rendered":"1 toque Campeonato Estadual por Equipes| Liso"},"content":{"rendered":"\t\t<div data-elementor-type=\"wp-post\" data-elementor-id=\"1286\" class=\"elementor elementor-1286\">\n\t\t\t\t\t\t<section class=\"elementor-section elementor-top-section elementor-element elementor-element-a61782e elementor-section-height-min-height elementor-section-content-middle elementor-section-stretched elementor-section-boxed elementor-section-height-default elementor-section-items-middle\" data-id=\"a61782e\" data-element_type=\"section\" data-settings=\"{&quot;background_background&quot;:&quot;classic&quot;,&quot;stretch_section&quot;:&quot;section-stretched&quot;}\">\n\t\t\t\t\t\t\t<div class=\"elementor-background-overlay\"><\/div>\n\t\t\t\t\t\t\t<div class=\"elementor-container elementor-column-gap-default\">\n\t\t\t\t\t<div class=\"elementor-column elementor-col-100 elementor-top-column elementor-element elementor-element-496e5251\" data-id=\"496e5251\" data-element_type=\"column\" data-settings=\"{&quot;background_background&quot;:&quot;classic&quot;}\">\n\t\t\t<div class=\"elementor-widget-wrap elementor-element-populated\">\n\t\t\t\t\t\t<div class=\"elementor-element elementor-element-0194fc6 elementor-widget elementor-widget-heading\" data-id=\"0194fc6\" data-element_type=\"widget\" data-widget_type=\"heading.default\">\n\t\t\t\t<div class=\"elementor-widget-container\">\n\t\t\t<h2 class=\"elementor-heading-title elementor-size-large\">Campeonato Estadual por equipes<\/h2>\t\t<\/div>\n\t\t\t\t<\/div>\n\t\t\t\t<div class=\"elementor-element elementor-element-9ae2ede elementor-widget elementor-widget-heading\" data-id=\"9ae2ede\" data-element_type=\"widget\" data-widget_type=\"heading.default\">\n\t\t\t\t<div class=\"elementor-widget-container\">\n\t\t\t<h2 class=\"elementor-heading-title elementor-size-default\">Regra 1 toque - Liso<\/h2>\t\t<\/div>\n\t\t\t\t<\/div>\n\t\t\t\t\t<\/div>\n\t\t<\/div>\n\t\t\t\t\t<\/div>\n\t\t<\/section>\n\t\t\t\t<section class=\"elementor-section elementor-top-section elementor-element elementor-element-5c34183 elementor-section-boxed elementor-section-height-default elementor-section-height-default\" data-id=\"5c34183\" data-element_type=\"section\">\n\t\t\t\t\t\t<div class=\"elementor-container elementor-column-gap-default\">\n\t\t\t\t\t<div class=\"elementor-column elementor-col-33 elementor-top-column elementor-element elementor-element-482bd13\" data-id=\"482bd13\" data-element_type=\"column\">\n\t\t\t<div class=\"elementor-widget-wrap\">\n\t\t\t\t\t\t\t<\/div>\n\t\t<\/div>\n\t\t\t\t<div class=\"elementor-column elementor-col-33 elementor-top-column elementor-element elementor-element-3e8239e\" data-id=\"3e8239e\" data-element_type=\"column\">\n\t\t\t<div class=\"elementor-widget-wrap elementor-element-populated\">\n\t\t\t\t\t\t<div class=\"elementor-element elementor-element-3705cea elementor-widget elementor-widget-text-editor\" data-id=\"3705cea\" data-element_type=\"widget\" data-widget_type=\"text-editor.default\">\n\t\t\t\t<div class=\"elementor-widget-container\">\n\t\t\t\t\t\t\t<p><strong>XV &#8211; 2025 &#8211; Pelotas\/RS &#8211; ACADEMIA\/COP<br \/><\/strong><br \/><strong>CAMPE\u00c3O:<\/strong>ARFM(Silvio, Timm, Alex e Ademir)<\/p><p><strong>2\u00b0 LUGAR: <\/strong>AFUMEPA(Rodrigo, Andr\u00e9, Caju e Pedro)<\/p><p><strong>3\u00b0 LUGAR: <\/strong>CAF (Bruno, Nilmar, Cristiano e Yago)<\/p><p><strong>4\u00b0 LUGAR: <\/strong>ACADEMIA(Bauer, Bill e Augusto)<\/p><p>\u00a0<\/p><p><strong>XIV- 2024 \u2013 Pelotas\/RS \u2013 ACADEMIA\/COP<\/strong><\/p><p><strong>CAMPE\u00c3O:<\/strong> ARFM (S\u00edlvio, Alex, Timm e Ademir)<\/p><p><strong>2\u00b0 LUGAR:<\/strong> AFUMEPA (Rodrigo, Crosa, Caju e Cristaldo)<\/p><p><strong>3\u00b0 LUGAR:<\/strong> ACADEMIA(Bauer, Alison, Tillmann e Bill)<\/p><p><strong>4\u00b0 LUGAR:<\/strong> POAFM (Vinhas, Le\u00e3o, Yago)<\/p><p><strong>XIII- 2023 \u2013 Pelotas\/RS \u2013 ACADEMIA\/COP<br \/><\/strong><\/p><p><strong>CAMPE\u00c3O:<\/strong> AFM CAXIAS (Maciel, M\u00e1rio e Pizzamiglio)<\/p><p><strong>2\u00b0 LUGAR:<\/strong> AFUMEPA (Rodrigo, Gui, Crosa e S\u00e9rgio)<br \/><strong><br \/>3\u00b0 LUGAR:<\/strong> ARFM (S\u00edlvio, Alex, Timm e Garima)<br \/><strong><br \/>4\u00b0 LUGAR:<\/strong> ZONA SUL FUTMESA (Anderson, Jarnis, Edson e Samuray)<\/p><p>\u00a0<\/p><p><strong><u>XII- 2022 &#8211; Porto Alegre\/RS \u2013 Afumepa <br \/><\/u><\/strong><\/p><p><strong>CAMPE\u00c3O:<\/strong>\u00a0AFUMEPA ( Felipe, Rodrigo, Andr\u00e9 e Gui)<\/p><p><strong>2\u00b0 LUGAR:<\/strong>\u00a0AFM CAXIAS (Maciel, Carraro e M\u00e1rio)<\/p><p><strong>3\u00b0 LUGAR:<\/strong>\u00a0ACADEMIA (Bauer, Vinhas, Osmar e Allison)<\/p><p><strong>4\u00b0 LUGAR:<\/strong>\u00a0ARFM (S\u00edlvio, Alex, Garima e Timm)<\/p><p><strong><u><br \/>XI &#8211; 2019 &#8211; Caxias Do Sul\/Rs &#8211; Afm Caxias<br \/><\/u><\/strong><\/p><p><strong>CAMPE\u00c3O:<\/strong> ARFM ( Alex, Silvio, Duda e Garima)<\/p><p><strong>2\u00b0 LUGAR:<\/strong> ACADEMIA (Robson, Augusto, Vinhas e Pedrinho)<\/p><p><strong>3\u00b0 LUGAR:<\/strong> AFUMEPA (Felipe, S\u00e9rgio, Guilherme e Rodrigo)<\/p><p><strong>4\u00b0 LUGAR:<\/strong> AFM CAXIAS (Maciel, Mario, Carraro e D. Pizzamiglio)<\/p><p><strong><u><br \/>X &#8211; 2018 &#8211; PORTO ALEGRE (CAF)<\/u><\/strong><\/p><p><strong>CAMPE\u00c3O:<\/strong>\u00a0AFM Caxias ( Maciel, Carraro, Pizzamiglio e Luis Lima)<\/p><p><strong>2\u00b0 LUGAR:<\/strong>\u00a0AFUMEPA (Andr\u00e9, Breno, Crosa e Felipe)<\/p><p><strong>3\u00b0 LUGAR:<\/strong>\u00a0ACADEMIA (Vinhas, Augusto, Pedrinho e Osmar)<\/p><p><strong>4\u00b0 LUGAR:<\/strong>\u00a0Machester (Ant\u00f4nio, kadu, ike e Crsitiano<\/p><p><strong><u>\u00a0<\/u><\/strong><\/p><p><strong><u>IX &#8211; 2017 &#8211; Caxias do Sul (AFM Caxias)<\/u><\/strong><\/p><p><strong>CAMPE\u00c3O:<\/strong>\u00a0ARFM (Silvio, Garima, Duda)<\/p><p><strong>2\u00b0 LUGAR:<\/strong>\u00a0ACADEMIA (Vinhas, Augusto, Robson e Bruno)<\/p><p><strong>3\u00b0 LUGAR:<\/strong>\u00a0AFM Caxias ( Maciel, Carraro, Pizzamiglio e M\u00e1rio)<\/p><p><strong>4\u00b0 LUGAR:<\/strong>\u00a0APFM (Aldyr, Rodalles e Cepel)<\/p><p><strong><u>\u00a0<\/u><\/strong><\/p><p><strong><u>VIII &#8211; 2016 &#8211; PORTO ALEGRE (AFUMEPA)<\/u><\/strong><\/p><p><strong>CAMPE\u00c3O:<\/strong>\u00a0ACADEMIA (Matheus, Robson, Vinhas e Augusto)<\/p><p><strong>2\u00b0 LUGAR:<\/strong>\u00a0AFM CAXIAS (Carraro, Maciel, Mario, Pica-pau)<\/p><p><strong>3\u00b0 LUGAR:<\/strong>\u00a0AFUMEPA (Andr\u00e9, Kunh, Sergio e Rodrigo)<\/p><p><strong>4\u00b0 LUGAR:<\/strong>\u00a0PTC (Bruno, Yago, Everson e Bernardes)<\/p><p><strong><u>\u00a0<\/u><\/strong><\/p><p><strong><u>VII &#8211; 2015 &#8211; PORTO ALEGRE (Petropole)<\/u><\/strong><\/p><p><strong>CAMPE\u00c3O:<\/strong>\u00a0ACADEMIA (Augusto, Matheus, Robson e Vinhas)<\/p><p><strong>2\u00b0 LUGAR:<\/strong>\u00a0ARFM (Alex, Duda, Joao e Silvio)<\/p><p><strong>3\u00b0 LUGAR:<\/strong>\u00a0AFM CAXIAS (Carraro, Daniel, Maciel e Mario)<\/p><p><strong>4\u00b0 LUGAR:<\/strong>\u00a0AFUMEPA (Andr\u00e9, Felipe, Rodrigo e Sergio)<\/p><p><strong><u>\u00a0<\/u><\/strong><\/p><p><strong><u>VI &#8211; 2014 &#8211; PELOTAS (Academia)<\/u><\/strong><\/p><p><strong>CAMPE\u00c3O:<\/strong>\u00a0AFM CAXIAS (Maciel, Carraro, Mario e Robson)<\/p><p><strong>2\u00b0 LUGAR:<\/strong>\u00a0ARFM (Alex, Duda, Rodalles, Ronir e Silvio)<\/p><p><strong>3\u00b0 LUGAR:<\/strong>\u00a0AFUMEPA (Daniel, Felipe, Kuhn, Rodrigo e Sergio)<\/p><p><strong>4\u00b0 LUGAR:<\/strong>\u00a0ACADEMIA (Alexandre, Bruno, Matheus, Pedrinho e Vinhas)<\/p><p><strong><u>\u00a0<\/u><\/strong><\/p><p><strong><u>V &#8211; 2013 &#8211; Caxias do Sul (AFM Caxias)<\/u><\/strong><\/p><p><strong>CAMPE\u00c3O:<\/strong>\u00a0ARFM (Alex, Silvio, Rodalles, Michel e Duda)<\/p><p><strong>2\u00b0 LUGAR:<\/strong>\u00a0ACADEMIA (Vinhas, Augusto, Mateus, Tiago e Pedrinho)<\/p><p><strong>3\u00b0 LUGAR:<\/strong>\u00a0AFM CAXIAS (Carraro, Robson, Maciel, Pizza e L.Pizza)<\/p><p><strong>4\u00b0 LUGAR:<\/strong> FRANZEN (Breno, Cajo, Alam, L\u00e9o e Andr\u00e9)<\/p><p><strong><u>\u00a0<\/u><\/strong><\/p><p><strong><u>IV &#8211; 2012 &#8211; Porto Alegre (CMPA)<\/u><\/strong><\/p><p><strong>CAMPE\u00c3O:<\/strong>\u00a0AFM\/CAXIAS (Maciel, M\u00e1rio, Carraro, D. Pizzamiglio e Crosa)<\/p><p><strong>2\u00b0 LUGAR:<\/strong>\u00a0AFUMEPA (Rodrigo, Felipe, S\u00e9rgio, Kuhn e Wilson)<\/p><p><strong>3\u00b0 LUGAR:<\/strong>\u00a0ARFM (Alex, Duda, J. Garima, Silvio e Ronir)<\/p><p><strong>4\u00b0 LUGAR:<\/strong>\u00a0HPC (Robson, Vinicius, Umberto, Fernando e Guido)<\/p><p><strong><u>\u00a0<\/u><\/strong><\/p><p><strong><u>III &#8211; 2011 &#8211; Caxias do Sul (AFM Caxias)<\/u><\/strong><\/p><p><strong>CAMPE\u00c3O:<\/strong>\u00a0HPC (Guido, Robson, Vin\u00edcius e Umberto)<\/p><p><strong>2\u00b0 LUGAR:<\/strong>\u00a0AFM CAXIAS (L. Pizzamiglio, Maciel, D. Pizzamiglio, Carraro e M\u00e1rio)<\/p><p><strong>3\u00b0 LUGAR:<\/strong>\u00a0ACADEMIA (Vinhas, Augusto, Mateus e Bruno)<\/p><p><strong>4\u00b0 LUGAR:<\/strong>\u00a0FRANZEN (Borba, Moretto, Pufal e Breno)<\/p><p><strong><u>\u00a0<\/u><\/strong><\/p><p><strong><u>II &#8211; 2010 &#8211; Pelotas (Academia)<\/u><\/strong><\/p><p><strong>CAMPE\u00c3O:<\/strong>\u00a0ACADEMIA (Vinhas, Augusto, Mateus e Zilber)<\/p><p><strong>2\u00b0 LUGAR:<\/strong>\u00a0AFM CAXIAS (Maciel, M\u00e1rio, Crosa e Carraro)<\/p><p><strong>3\u00b0 LUGAR:<\/strong>\u00a0APFM (Piruka, \u00cdtalo, Aldyr e Marquinho)<\/p><p><strong>4\u00b0 LUGAR:<\/strong>\u00a0COP (Rodalles, Badia, J\u00e9ferson, Fernando e Ochoinha)<\/p><p><strong><u>\u00a0<\/u><\/strong><\/p><p><strong><u>I &#8211; 2009 &#8211; Caxias do Sul (AFM Caxias)<\/u><\/strong><\/p><p><strong>CAMPE\u00c3O:<\/strong>\u00a0AFM CAXIAS (Pizzamiglio, Maciel, M\u00e1rio, Crosa e Prezzi)<\/p><p><strong>2\u00b0 LUGAR:<\/strong> AFUMEPA (C\u00e9sar, Andr\u00e9, S\u00e9rgio e Bodur)<\/p><p><strong>3\u00b0 LUGAR:<\/strong>\u00a0ACADEMIA (Vinhas, Augusto, Zilber e Figueira)<\/p><p><strong>4\u00b0 LUGAR:<\/strong> GR\u00caMIO (Rafa Tosh, Moreira, Azambuja e Moretto)<\/p>\t\t\t\t\t\t<\/div>\n\t\t\t\t<\/div>\n\t\t\t\t\t<\/div>\n\t\t<\/div>\n\t\t\t\t<div class=\"elementor-column elementor-col-33 elementor-top-column elementor-element elementor-element-d6b7d92\" data-id=\"d6b7d92\" data-element_type=\"column\">\n\t\t\t<div class=\"elementor-widget-wrap\">\n\t\t\t\t\t\t\t<\/div>\n\t\t<\/div>\n\t\t\t\t\t<\/div>\n\t\t<\/section>\n\t\t\t\t<section class=\"elementor-section elementor-top-section elementor-element elementor-element-da45d63 elementor-section-boxed elementor-section-height-default elementor-section-height-default\" data-id=\"da45d63\" data-element_type=\"section\">\n\t\t\t\t\t\t<div class=\"elementor-container elementor-column-gap-default\">\n\t\t\t\t\t<div class=\"elementor-column elementor-col-33 elementor-top-column elementor-element elementor-element-72842d4\" data-id=\"72842d4\" data-element_type=\"column\">\n\t\t\t<div class=\"elementor-widget-wrap\">\n\t\t\t\t\t\t\t<\/div>\n\t\t<\/div>\n\t\t\t\t<div class=\"elementor-column elementor-col-33 elementor-top-column elementor-element elementor-element-b4f5649\" data-id=\"b4f5649\" data-element_type=\"column\">\n\t\t\t<div class=\"elementor-widget-wrap elementor-element-populated\">\n\t\t\t\t\t\t<div class=\"elementor-element elementor-element-ec57a10 elementor-widget elementor-widget-html\" data-id=\"ec57a10\" data-element_type=\"widget\" data-widget_type=\"html.default\">\n\t\t\t\t<div class=\"elementor-widget-container\">\n\t\t\t<html>\n<body>\n<form> \n<input type=\"button\" value=\"Voltar\" onClick=\"history.go(-1)\"> \n<\/form>\n<\/body> \n<\/html>\t\t<\/div>\n\t\t\t\t<\/div>\n\t\t\t\t\t<\/div>\n\t\t<\/div>\n\t\t\t\t<div class=\"elementor-column elementor-col-33 elementor-top-column elementor-element elementor-element-a63f54c\" data-id=\"a63f54c\" data-element_type=\"column\">\n\t\t\t<div class=\"elementor-widget-wrap\">\n\t\t\t\t\t\t\t<\/div>\n\t\t<\/div>\n\t\t\t\t\t<\/div>\n\t\t<\/section>\n\t\t\t\t<\/div>\n\t\t","protected":false},"excerpt":{"rendered":"<p>Campeonato Estadual por equipes Regra 1 toque &#8211; Liso XV &#8211; 2025 &#8211; Pelotas\/RS &#8211; ACADEMIA\/COPCAMPE\u00c3O:ARFM(Silvio, Timm, Alex e Ademir) 2\u00b0 LUGAR: AFUMEPA(Rodrigo, Andr\u00e9, Caju e Pedro) 3\u00b0 LUGAR: CAF (Bruno, Nilmar, Cristiano e Yago) 4\u00b0 LUGAR: ACADEMIA(Bauer, Bill e Augusto) \u00a0 XIV- 2024 \u2013 Pelotas\/RS \u2013 ACADEMIA\/COP CAMPE\u00c3O: ARFM<\/p>\n","protected":false},"author":1,"featured_media":0,"parent":0,"menu_order":0,"comment_status":"closed","ping_status":"closed","template":"elementor_header_footer","meta":{"footnotes":""},"class_list":["post-1286","page","type-page","status-publish","hentry"],"_links":{"self":[{"href":"https:\/\/fgfm.com.br\/fgfm\/wp-json\/wp\/v2\/pages\/1286","targetHints":{"allow":["GET"]}}],"collection":[{"href":"https:\/\/fgfm.com.br\/fgfm\/wp-json\/wp\/v2\/pages"}],"about":[{"href":"https:\/\/fgfm.com.br\/fgfm\/wp-json\/wp\/v2\/types\/page"}],"author":[{"embeddable":true,"href":"https:\/\/fgfm.com.br\/fgfm\/wp-json\/wp\/v2\/users\/1"}],"replies":[{"embeddable":true,"href":"https:\/\/fgfm.com.br\/fgfm\/wp-json\/wp\/v2\/comments?post=1286"}],"version-history":[{"count":34,"href":"https:\/\/fgfm.com.br\/fgfm\/wp-json\/wp\/v2\/pages\/1286\/revisions"}],"predecessor-version":[{"id":4704,"href":"https:\/\/fgfm.com.br\/fgfm\/wp-json\/wp\/v2\/pages\/1286\/revisions\/4704"}],"wp:attachment":[{"href":"https:\/\/fgfm.com.br\/fgfm\/wp-json\/wp\/v2\/media?parent=1286"}],"curies":[{"name":"wp","href":"https:\/\/api.w.org\/{rel}","templated":true}]}}