{"id":5029,"date":"2026-01-06T16:46:55","date_gmt":"2026-01-06T19:46:55","guid":{"rendered":"https:\/\/fgfm.com.br\/fgfm\/?page_id=5029"},"modified":"2026-01-06T16:50:08","modified_gmt":"2026-01-06T19:50:08","slug":"copa-farroupilha","status":"publish","type":"page","link":"https:\/\/fgfm.com.br\/fgfm\/copa-farroupilha\/","title":{"rendered":"Copa Farroupilha"},"content":{"rendered":"\t\t<div data-elementor-type=\"wp-post\" data-elementor-id=\"5029\" class=\"elementor elementor-5029\">\n\t\t\t\t\t\t<section class=\"elementor-section elementor-top-section elementor-element elementor-element-a61782e elementor-section-height-min-height elementor-section-content-middle elementor-section-stretched elementor-section-boxed elementor-section-height-default elementor-section-items-middle\" data-id=\"a61782e\" data-element_type=\"section\" data-settings=\"{&quot;background_background&quot;:&quot;classic&quot;,&quot;stretch_section&quot;:&quot;section-stretched&quot;}\">\n\t\t\t\t\t\t\t<div class=\"elementor-background-overlay\"><\/div>\n\t\t\t\t\t\t\t<div class=\"elementor-container elementor-column-gap-default\">\n\t\t\t\t\t<div class=\"elementor-column elementor-col-100 elementor-top-column elementor-element elementor-element-496e5251\" data-id=\"496e5251\" data-element_type=\"column\" data-settings=\"{&quot;background_background&quot;:&quot;classic&quot;}\">\n\t\t\t<div class=\"elementor-widget-wrap elementor-element-populated\">\n\t\t\t\t\t\t<div class=\"elementor-element elementor-element-0194fc6 elementor-widget elementor-widget-heading\" data-id=\"0194fc6\" data-element_type=\"widget\" data-widget_type=\"heading.default\">\n\t\t\t\t<div class=\"elementor-widget-container\">\n\t\t\t<h2 class=\"elementor-heading-title elementor-size-large\">Copa Farroupilha<\/h2>\t\t<\/div>\n\t\t\t\t<\/div>\n\t\t\t\t\t<\/div>\n\t\t<\/div>\n\t\t\t\t\t<\/div>\n\t\t<\/section>\n\t\t\t\t<section class=\"elementor-section elementor-top-section elementor-element elementor-element-1d18263 elementor-section-boxed elementor-section-height-default elementor-section-height-default\" data-id=\"1d18263\" data-element_type=\"section\">\n\t\t\t\t\t\t<div class=\"elementor-container elementor-column-gap-default\">\n\t\t\t\t\t<div class=\"elementor-column elementor-col-100 elementor-top-column elementor-element elementor-element-8d73c15\" data-id=\"8d73c15\" data-element_type=\"column\">\n\t\t\t<div class=\"elementor-widget-wrap\">\n\t\t\t\t\t\t\t<\/div>\n\t\t<\/div>\n\t\t\t\t\t<\/div>\n\t\t<\/section>\n\t\t\t\t<section class=\"elementor-section elementor-top-section elementor-element elementor-element-a593c2b elementor-section-boxed elementor-section-height-default elementor-section-height-default\" data-id=\"a593c2b\" data-element_type=\"section\">\n\t\t\t\t\t\t<div class=\"elementor-container elementor-column-gap-default\">\n\t\t\t\t\t<div class=\"elementor-column elementor-col-33 elementor-top-column elementor-element elementor-element-a96f3d5\" data-id=\"a96f3d5\" data-element_type=\"column\">\n\t\t\t<div class=\"elementor-widget-wrap\">\n\t\t\t\t\t\t\t<\/div>\n\t\t<\/div>\n\t\t\t\t<div class=\"elementor-column elementor-col-33 elementor-top-column elementor-element elementor-element-de42ddc\" data-id=\"de42ddc\" data-element_type=\"column\">\n\t\t\t<div class=\"elementor-widget-wrap elementor-element-populated\">\n\t\t\t\t\t\t<div class=\"elementor-element elementor-element-0688b90 elementor-widget elementor-widget-text-editor\" data-id=\"0688b90\" data-element_type=\"widget\" data-widget_type=\"text-editor.default\">\n\t\t\t\t<div class=\"elementor-widget-container\">\n\t\t\t\t\t\t\t<p data-start=\"93\" data-end=\"128\"><strong data-start=\"93\" data-end=\"128\">I EDI\u00c7\u00c3O \u2013 2025 \u2013 Viam\u00e3o (AVFB)<\/strong><\/p><p data-start=\"130\" data-end=\"291\"><strong data-start=\"130\" data-end=\"142\">CAMPE\u00c3O:<\/strong> Sandro Oz\u00f3rio (ZS FUTMESA)<br data-start=\"169\" data-end=\"172\" \/><strong data-start=\"172\" data-end=\"185\">2\u00b0 LUGAR:<\/strong> Cl\u00e1udio Mastrangelo (GNU)<br data-start=\"211\" data-end=\"214\" \/><strong data-start=\"214\" data-end=\"227\">3\u00b0 LUGAR:<\/strong> Giba Ramos (LEFUME)<br data-start=\"247\" data-end=\"250\" data-is-only-node=\"\" \/><strong data-start=\"250\" data-end=\"263\">4\u00b0 LUGAR:<\/strong> Mois\u00e9s Martins (ZS FUTMESA)<\/p>\t\t\t\t\t\t<\/div>\n\t\t\t\t<\/div>\n\t\t\t\t\t<\/div>\n\t\t<\/div>\n\t\t\t\t<div class=\"elementor-column elementor-col-33 elementor-top-column elementor-element elementor-element-4723d4e\" data-id=\"4723d4e\" data-element_type=\"column\">\n\t\t\t<div class=\"elementor-widget-wrap\">\n\t\t\t\t\t\t\t<\/div>\n\t\t<\/div>\n\t\t\t\t\t<\/div>\n\t\t<\/section>\n\t\t\t\t<section class=\"elementor-section elementor-top-section elementor-element elementor-element-dda241c elementor-section-boxed elementor-section-height-default elementor-section-height-default\" data-id=\"dda241c\" data-element_type=\"section\">\n\t\t\t\t\t\t<div class=\"elementor-container elementor-column-gap-default\">\n\t\t\t\t\t<div class=\"elementor-column elementor-col-33 elementor-top-column elementor-element elementor-element-4b5ed4e\" data-id=\"4b5ed4e\" data-element_type=\"column\">\n\t\t\t<div class=\"elementor-widget-wrap\">\n\t\t\t\t\t\t\t<\/div>\n\t\t<\/div>\n\t\t\t\t<div class=\"elementor-column elementor-col-33 elementor-top-column elementor-element elementor-element-6ecaa90\" data-id=\"6ecaa90\" data-element_type=\"column\">\n\t\t\t<div class=\"elementor-widget-wrap elementor-element-populated\">\n\t\t\t\t\t\t<div class=\"elementor-element elementor-element-aa243b9 elementor-widget elementor-widget-html\" data-id=\"aa243b9\" data-element_type=\"widget\" data-widget_type=\"html.default\">\n\t\t\t\t<div class=\"elementor-widget-container\">\n\t\t\t<html>\n<body>\n<form> \n<input type=\"button\" value=\"Voltar\" onClick=\"history.go(-1)\"> \n<\/form>\n<\/body> \n<\/html>\t\t<\/div>\n\t\t\t\t<\/div>\n\t\t\t\t\t<\/div>\n\t\t<\/div>\n\t\t\t\t<div class=\"elementor-column elementor-col-33 elementor-top-column elementor-element elementor-element-92c2127\" data-id=\"92c2127\" data-element_type=\"column\">\n\t\t\t<div class=\"elementor-widget-wrap\">\n\t\t\t\t\t\t\t<\/div>\n\t\t<\/div>\n\t\t\t\t\t<\/div>\n\t\t<\/section>\n\t\t\t\t<\/div>\n\t\t","protected":false},"excerpt":{"rendered":"<p>Copa Farroupilha I EDI\u00c7\u00c3O \u2013 2025 \u2013 Viam\u00e3o (AVFB) CAMPE\u00c3O: Sandro Oz\u00f3rio (ZS FUTMESA)2\u00b0 LUGAR: Cl\u00e1udio Mastrangelo (GNU)3\u00b0 LUGAR: Giba Ramos (LEFUME)4\u00b0 LUGAR: Mois\u00e9s Martins (ZS FUTMESA)<\/p>\n","protected":false},"author":1,"featured_media":0,"parent":0,"menu_order":0,"comment_status":"closed","ping_status":"closed","template":"elementor_header_footer","meta":{"footnotes":""},"class_list":["post-5029","page","type-page","status-publish","hentry"],"_links":{"self":[{"href":"https:\/\/fgfm.com.br\/fgfm\/wp-json\/wp\/v2\/pages\/5029","targetHints":{"allow":["GET"]}}],"collection":[{"href":"https:\/\/fgfm.com.br\/fgfm\/wp-json\/wp\/v2\/pages"}],"about":[{"href":"https:\/\/fgfm.com.br\/fgfm\/wp-json\/wp\/v2\/types\/page"}],"author":[{"embeddable":true,"href":"https:\/\/fgfm.com.br\/fgfm\/wp-json\/wp\/v2\/users\/1"}],"replies":[{"embeddable":true,"href":"https:\/\/fgfm.com.br\/fgfm\/wp-json\/wp\/v2\/comments?post=5029"}],"version-history":[{"count":4,"href":"https:\/\/fgfm.com.br\/fgfm\/wp-json\/wp\/v2\/pages\/5029\/revisions"}],"predecessor-version":[{"id":5033,"href":"https:\/\/fgfm.com.br\/fgfm\/wp-json\/wp\/v2\/pages\/5029\/revisions\/5033"}],"wp:attachment":[{"href":"https:\/\/fgfm.com.br\/fgfm\/wp-json\/wp\/v2\/media?parent=5029"}],"curies":[{"name":"wp","href":"https:\/\/api.w.org\/{rel}","templated":true}]}}